{"id":135,"date":"2015-06-22T08:14:32","date_gmt":"2015-06-22T08:14:32","guid":{"rendered":"https:\/\/wordpress.milon1895.at\/?page_id=135"},"modified":"2018-04-05T14:49:43","modified_gmt":"2018-04-05T12:49:43","slug":"links","status":"publish","type":"page","link":"https:\/\/www.milon1895.at\/?page_id=135","title":{"rendered":"Links"},"content":{"rendered":"<div id=\"c23\" class=\"csc-default\">\n<div class=\"csc-header csc-header-n1\"><span style=\"font-family: verdana; font-size: small;\"><b>Verb\u00e4nde:<\/b><\/span><br \/>\n<img loading=\"lazy\" decoding=\"async\" class=\"spacer-gif\" title=\"\" src=\"https:\/\/www.milon1895.at\/clear.gif\" alt=\"\" width=\"1\" height=\"5\" border=\"0\" \/><\/div>\n<ul class=\"csc-bulletlist csc-bulletlist-0\">\n<li class=\"odd\"><a href=\"http:\/\/www.gewichtheben.net\" target=\"_blank\" rel=\"noopener\">\u00d6GV<\/a> &#8211; \u00d6sterreichische Gewichtheberverband<\/li>\n<li class=\"even\"><a href=\"http:\/\/www.noegv.com\" target=\"_blank\" rel=\"noopener\">N\u00d6GV<\/a> &#8211; Nieder\u00f6sterreichische Gewichtheberverband<\/li>\n<li class=\"odd\"><a href=\"http:\/\/www.wienergewichtheberverband.at\/\" target=\"_blank\" rel=\"noopener\">WGV<\/a> &#8211; Wiener Gewichtheberverband<\/li>\n<\/ul>\n<\/div>\n<div id=\"c24\" class=\"csc-default\">\n<div class=\"csc-header csc-header-n2\"><span style=\"font-family: verdana; font-size: small;\"><b>Vereine:<\/b><\/span><br \/>\n<img loading=\"lazy\" decoding=\"async\" class=\"spacer-gif\" title=\"\" src=\"https:\/\/www.milon1895.at\/clear.gif\" alt=\"\" width=\"1\" height=\"5\" border=\"0\" \/><\/div>\n<ul class=\"csc-bulletlist csc-bulletlist-0\">\n<li class=\"odd\"><a href=\"http:\/\/www.ksvk-kungfu.at\/152412541\" target=\"_blank\" rel=\"noopener\">KSVK Klosterneuburg<\/a>Wettkampfadresse: Babenbergerhalle, Rathausplatz 25, 3400 Klosterneuburg<\/li>\n<li class=\"even\"><a href=\"http:\/\/www.acukrems.at\/\" target=\"_blank\" rel=\"noopener\">ACU Krems<\/a> Wettkampfadresse: Volkshaus Lerchenfeld, Hofrat-Eben-Stra\u00dfe 1 , 3502 Lerchenfeld<\/li>\n<li class=\"odd\"><a href=\"http:\/\/www.akh-voesendorf.com\/\" target=\"_blank\" rel=\"noopener\">AKH V\u00f6sendorf<\/a> Wettkampfadresse: Kultursaal oder Trainingsraum, Kindbergstra\u00dfe 12, 2331 V\u00f6sendorf<\/li>\n<li class=\"even\"><a href=\"http:\/\/www.atusbruck-gewichtheben.at\/\" target=\"_blank\" rel=\"noopener\">ATUS Bruck \/ Mur<\/a><\/li>\n<li class=\"odd\"><a href=\"http:\/\/www.aknordwien.at\/\" target=\"_blank\" rel=\"noopener\">AK Nord Wien<\/a><\/li>\n<li class=\"even\"><a href=\"http:\/\/www.ak-oeblarn.at\" target=\"_blank\" rel=\"noopener\">AK \u00d6blarn<\/a><\/li>\n<li class=\"odd\"><a href=\"http:\/\/www.gitti-city.com\/\" target=\"_blank\" rel=\"noopener\">FAC Gitti City<\/a> Wettkampfadresse: Gitti-City, Tullner Strasse 41, 2000 Stockerau<\/li>\n<li class=\"even\"><a href=\"http:\/\/www.ak-weng.com\" target=\"_blank\" rel=\"noopener\">AK Weng<\/a><\/li>\n<li class=\"odd\"><a href=\"http:\/\/www.gewichtheben-ranshofen.at\/\" target=\"_blank\" rel=\"noopener\">ATSV Ranshofen<\/a><\/li>\n<li class=\"even\"><a href=\"http:\/\/www.gewichtheben-esv-wels.at\/\" target=\"_blank\" rel=\"noopener\">ESV Wels <\/a><\/li>\n<li class=\"odd\"><a href=\"http:\/\/www.ksc-wolkersdorf.at\" target=\"_blank\" rel=\"noopener\">KSC Wolkersdorf<\/a> Wettkampfadresse: Schlossparkhalle, Kirschenallee 4, 2120 Obersdorf<\/li>\n<li class=\"even\"><a href=\"http:\/\/www.kskbrunn.at\/\" target=\"_blank\" rel=\"noopener\">KSK Brunn<\/a><\/li>\n<li class=\"odd\"><a href=\"http:\/\/www.ksv-moedling.at\" target=\"_blank\" rel=\"noopener\">KSV M\u00f6dling<\/a> Wettkampfadresse: Kraftsportzentrum M\u00f6dling &#8211; Einfahrt Lebenshilfe, Untere Bachgasse 4, 2340 M\u00f6dling<\/li>\n<li class=\"even\"><a href=\"http:\/\/www.ksv-rum.at\" target=\"_blank\" rel=\"noopener\">KSV Rum<\/a><\/li>\n<li class=\"odd\"><a href=\"http:\/\/sc-harland.npage.de\" target=\"_blank\" rel=\"noopener\">SC Harland <\/a><\/li>\n<li class=\"even\"><a href=\"http:\/\/www.sk-voest.com\" target=\"_blank\" rel=\"noopener\">SK V\u00d6EST<\/a><\/li>\n<li class=\"odd\"><a href=\"http:\/\/www.gewichtheben.co.at\/\" target=\"_blank\" rel=\"noopener\">Union Buchkirchen<\/a><\/li>\n<li class=\"even\"><a href=\"http:\/\/www.argos-hermann.at\" target=\"_blank\" rel=\"noopener\">WKG KSC Argos\/AK Hermann &#8211; Polizei<\/a><\/li>\n<li class=\"odd\"><a href=\"http:\/\/www.ntgwpost.at\/\" target=\"_blank\" rel=\"noopener\">Post-SV<\/a><\/li>\n<li class=\"even\"><a href=\"http:\/\/ksvp.sportunion.at\/start.php?contentID=58466\" target=\"_blank\" rel=\"noopener\">KSV Pressbaum<\/a> Wettkampfadresse: Pfarrsaal Pressbaum, Kirchenplatz &#8211; Hauptschule, 3021 Pressbaum<\/li>\n<li class=\"odd\"><a href=\"http:\/\/www.1.uak.gewichtheben.sportunion.at\/\" target=\"_blank\" rel=\"noopener\">UAK Waldviertel<\/a><\/li>\n<li class=\"even\"><a href=\"http:\/\/www.fak-Goliath.at\/\" target=\"_blank\" rel=\"noopener\">FAK Goliath<\/a><\/li>\n<\/ul>\n<\/div>\n<div id=\"c96\" class=\"csc-default\">\n<div class=\"csc-header csc-header-n3\"><span style=\"font-family: verdana; font-size: small;\"><b>Haftung f\u00fcr Hyperlinks<\/b><\/span><br \/>\n<img loading=\"lazy\" decoding=\"async\" class=\"spacer-gif\" title=\"\" src=\"https:\/\/www.milon1895.at\/clear.gif\" alt=\"\" width=\"1\" height=\"5\" border=\"0\" \/><\/div>\n<p class=\"bodytext\">Alle unter der Domaine <a href=\"http:\/\/www.milon1895.at\" target=\"_self\">www.milon1895.at<\/a> enthaltenen Hyperlinks sind Verweise auf Webseiten Dritter. Diese werden regelm\u00e4\u00dfig gepr\u00fcft und aktualisiert. Dennoch gilt f\u00fcr s\u00e4mtliche Links auf dieser Website: Wir betonen ausdr\u00fccklich, dass wir keinerlei Einfluss auf die Gestaltung und die Inhalte der gelinkten Seiten haben. Sollten diese Seiten, ohne unsere Kenntnis, ihre Inhalte nach unserer \u00dcberpr\u00fcfung derart \u00e4ndern, dass sie eine &#8222;rechtswidrige T\u00e4tigkeit&#8220; im Sinne von \u00a717 E-Commerce-Gesetz (BGBl. vom 21.12.2001) darstellen, distanzieren wir uns hiermit ausdr\u00fccklich von diesen Inhalten. Diese Erkl\u00e4rung gilt f\u00fcr alle auf unserer Website und deren Unterseiten ausgebrachten Links und f\u00fcr alle Inhalte der Seiten, zu denen Links oder Banner f\u00fchren.<\/p>\n<p class=\"bodytext\">\n<\/div>\n","protected":false},"excerpt":{"rendered":"<p>Verb\u00e4nde: \u00d6GV &#8211; \u00d6sterreichische Gewichtheberverband N\u00d6GV &#8211; Nieder\u00f6sterreichische Gewichtheberverband WGV &#8211; Wiener Gewichtheberverband Vereine: KSVK KlosterneuburgWettkampfadresse: Babenbergerhalle, Rathausplatz 25, 3400 Klosterneuburg ACU Krems Wettkampfadresse: Volkshaus Lerchenfeld, Hofrat-Eben-Stra\u00dfe 1 , 3502 Lerchenfeld AKH V\u00f6sendorf Wettkampfadresse: Kultursaal oder Trainingsraum, Kindbergstra\u00dfe 12, 2331 V\u00f6sendorf ATUS Bruck \/ Mur AK Nord Wien AK \u00d6blarn FAC Gitti City Wettkampfadresse: Gitti-City, [&hellip;]<\/p>\n","protected":false},"author":1,"featured_media":0,"parent":0,"menu_order":0,"comment_status":"closed","ping_status":"open","template":"","meta":{"footnotes":""},"class_list":["post-135","page","type-page","status-publish","hentry"],"_links":{"self":[{"href":"https:\/\/www.milon1895.at\/index.php?rest_route=\/wp\/v2\/pages\/135","targetHints":{"allow":["GET"]}}],"collection":[{"href":"https:\/\/www.milon1895.at\/index.php?rest_route=\/wp\/v2\/pages"}],"about":[{"href":"https:\/\/www.milon1895.at\/index.php?rest_route=\/wp\/v2\/types\/page"}],"author":[{"embeddable":true,"href":"https:\/\/www.milon1895.at\/index.php?rest_route=\/wp\/v2\/users\/1"}],"replies":[{"embeddable":true,"href":"https:\/\/www.milon1895.at\/index.php?rest_route=%2Fwp%2Fv2%2Fcomments&post=135"}],"version-history":[{"count":6,"href":"https:\/\/www.milon1895.at\/index.php?rest_route=\/wp\/v2\/pages\/135\/revisions"}],"predecessor-version":[{"id":777,"href":"https:\/\/www.milon1895.at\/index.php?rest_route=\/wp\/v2\/pages\/135\/revisions\/777"}],"wp:attachment":[{"href":"https:\/\/www.milon1895.at\/index.php?rest_route=%2Fwp%2Fv2%2Fmedia&parent=135"}],"curies":[{"name":"wp","href":"https:\/\/api.w.org\/{rel}","templated":true}]}}