{"id":380,"date":"2015-06-27T13:43:50","date_gmt":"2015-06-27T13:43:50","guid":{"rendered":"https:\/\/wordpress.milon1895.at\/?page_id=380"},"modified":"2016-03-06T15:04:37","modified_gmt":"2016-03-06T15:04:37","slug":"wir-suchen-genau-dich","status":"publish","type":"page","link":"https:\/\/www.milon1895.at\/","title":{"rendered":"Wir suchen genau DICH!"},"content":{"rendered":"<p>W\u00fcrdest du Dich auch gerne mit Anderen messen?<\/p>\n<p>Hast du \u00fcbersch\u00fcssige <strong>ENERGIE<\/strong>, die du los werden willst?<\/p>\n<p>Oder m\u00f6chtest Du Dich einfach <strong>FIT<\/strong> halten?<\/p>\n<p>&nbsp;<\/p>\n<p>Bei uns kannst Du die Kraftsportarten <strong>Gewichtheben<\/strong> und <strong>Kraftdreikampf<\/strong> trainieren und an Wettk\u00e4mpfen (national\/international) teilnehmen.<\/p>\n<p>Du hast keine Ahnung wie Gewichtheben oder Kraftdreikampf funktioniert?<\/p>\n<p><strong>Kein Problem<\/strong> &#8211; Besuche uns in unserem <a href=\"https:\/\/www.milon1895.at\/?page_id=69\">Trainigslokal<\/a> zu den angegebenen Uhrzeiten.<\/p>\n<p>Wir freuen uns Dich bei uns, dem <strong><a href=\"https:\/\/www.milon1895.at\/?page_id=69\">1. St. P\u00f6ltner Kraftsportklub MILON<\/a><\/strong>, begr\u00fc\u00dfen zu d\u00fcrfen um dir die Sportarten vorzustellen.<\/p>\n<p>&nbsp;<\/p>\n<p>Bei Fragen kannst Du auch gerne unseren <a href=\"https:\/\/www.milon1895.at\/?page_id=66\">Obmann<\/a> kontaktieren.<\/p>\n<p><strong>Kraft frei!<\/strong><\/p>\n<p>&nbsp;<\/p>\n<p>&nbsp;<\/p>\n","protected":false},"excerpt":{"rendered":"<p>W\u00fcrdest du Dich auch gerne mit Anderen messen? Hast du \u00fcbersch\u00fcssige ENERGIE, die du los werden willst? Oder m\u00f6chtest Du Dich einfach FIT halten? &nbsp; Bei uns kannst Du die Kraftsportarten Gewichtheben und Kraftdreikampf trainieren und an Wettk\u00e4mpfen (national\/international) teilnehmen. Du hast keine Ahnung wie Gewichtheben oder Kraftdreikampf funktioniert? Kein Problem &#8211; Besuche uns in [&hellip;]<\/p>\n","protected":false},"author":1,"featured_media":0,"parent":0,"menu_order":0,"comment_status":"closed","ping_status":"open","template":"","meta":{"footnotes":""},"class_list":["post-380","page","type-page","status-publish","hentry"],"_links":{"self":[{"href":"https:\/\/www.milon1895.at\/index.php?rest_route=\/wp\/v2\/pages\/380","targetHints":{"allow":["GET"]}}],"collection":[{"href":"https:\/\/www.milon1895.at\/index.php?rest_route=\/wp\/v2\/pages"}],"about":[{"href":"https:\/\/www.milon1895.at\/index.php?rest_route=\/wp\/v2\/types\/page"}],"author":[{"embeddable":true,"href":"https:\/\/www.milon1895.at\/index.php?rest_route=\/wp\/v2\/users\/1"}],"replies":[{"embeddable":true,"href":"https:\/\/www.milon1895.at\/index.php?rest_route=%2Fwp%2Fv2%2Fcomments&post=380"}],"version-history":[{"count":8,"href":"https:\/\/www.milon1895.at\/index.php?rest_route=\/wp\/v2\/pages\/380\/revisions"}],"predecessor-version":[{"id":453,"href":"https:\/\/www.milon1895.at\/index.php?rest_route=\/wp\/v2\/pages\/380\/revisions\/453"}],"wp:attachment":[{"href":"https:\/\/www.milon1895.at\/index.php?rest_route=%2Fwp%2Fv2%2Fmedia&parent=380"}],"curies":[{"name":"wp","href":"https:\/\/api.w.org\/{rel}","templated":true}]}}