{"id":69,"date":"2015-06-21T16:23:23","date_gmt":"2015-06-21T16:23:23","guid":{"rendered":"https:\/\/wordpress.milon1895.at\/?page_id=69"},"modified":"2016-03-06T19:41:28","modified_gmt":"2016-03-06T19:41:28","slug":"trainingslokal","status":"publish","type":"page","link":"https:\/\/www.milon1895.at\/?page_id=69","title":{"rendered":"Trainingslokal"},"content":{"rendered":"<p>Als Trainingslokal dient der Fitnessraumdes Sportzentrum St. P\u00f6lten. Hier trainieren nicht nur Athleten des Gewichthebersports, sondern es besteht auch die M\u00f6glichkeit nur die Ger\u00e4te des Fitnessraumes zu nutzen. Daf\u00fcr ist eine Mitgliedschaft bei Milon erforderlich. Gegen einen geringen Jahresbeitrag (siehe<a class=\"internal-link\" title=\"\u00d6ffnet einen internen Link im aktuellen Fenster\" href=\"https:\/\/www.milon1895.at\/?page_id=72\"> Mitgliedschaft<\/a>) k\u00f6nnen zu den angegebenen Zeiten s\u00e4mtliche Ger\u00e4te des Fitnessraumes genutzt werden. Schau&#8216; bei Interesse doch einfach vorbei!<\/p>\n<p>Es kann nur zu fixen Zeiten trainiert werden:<\/p>\n<table  class=\"contenttable table table-hover\"  style=\"height: 72px;\" width=\"227\">\n<tbody>\n<tr>\n<td width=\"90\">Montag<\/td>\n<td>17:00-19:00<\/td>\n<\/tr>\n<tr>\n<td>Mittwoch<\/td>\n<td>17:00-19:00<\/td>\n<\/tr>\n<tr>\n<td>Freitag<\/td>\n<td>17:00-19:00<\/td>\n<\/tr>\n<\/tbody>\n<\/table>\n<p>&nbsp;<\/p>\n<p>Anschrift:<br \/>\n<strong>SPORT.ZENTRUM.Nieder\u00f6sterreich<\/strong><br \/>\nFitnessraum\/Kraftkammer (unter der Turnhalle, ganz hinten)<br \/>\nDr. Adolf Sch\u00e4rf Strasse 25<br \/>\nA-3100 Sankt P\u00f6lten<\/p>\n<p class=\"bodytext\">[wpgmza id=&#8220;1&#8243;]<\/p>\n","protected":false},"excerpt":{"rendered":"<p>Als Trainingslokal dient der Fitnessraumdes Sportzentrum St. P\u00f6lten. Hier trainieren nicht nur Athleten des Gewichthebersports, sondern es besteht auch die M\u00f6glichkeit nur die Ger\u00e4te des Fitnessraumes zu nutzen. Daf\u00fcr ist eine Mitgliedschaft bei Milon erforderlich. Gegen einen geringen Jahresbeitrag (siehe Mitgliedschaft) k\u00f6nnen zu den angegebenen Zeiten s\u00e4mtliche Ger\u00e4te des Fitnessraumes genutzt werden. Schau&#8216; bei Interesse [&hellip;]<\/p>\n","protected":false},"author":1,"featured_media":0,"parent":0,"menu_order":0,"comment_status":"open","ping_status":"open","template":"","meta":{"footnotes":""},"class_list":["post-69","page","type-page","status-publish","hentry"],"_links":{"self":[{"href":"https:\/\/www.milon1895.at\/index.php?rest_route=\/wp\/v2\/pages\/69","targetHints":{"allow":["GET"]}}],"collection":[{"href":"https:\/\/www.milon1895.at\/index.php?rest_route=\/wp\/v2\/pages"}],"about":[{"href":"https:\/\/www.milon1895.at\/index.php?rest_route=\/wp\/v2\/types\/page"}],"author":[{"embeddable":true,"href":"https:\/\/www.milon1895.at\/index.php?rest_route=\/wp\/v2\/users\/1"}],"replies":[{"embeddable":true,"href":"https:\/\/www.milon1895.at\/index.php?rest_route=%2Fwp%2Fv2%2Fcomments&post=69"}],"version-history":[{"count":19,"href":"https:\/\/www.milon1895.at\/index.php?rest_route=\/wp\/v2\/pages\/69\/revisions"}],"predecessor-version":[{"id":460,"href":"https:\/\/www.milon1895.at\/index.php?rest_route=\/wp\/v2\/pages\/69\/revisions\/460"}],"wp:attachment":[{"href":"https:\/\/www.milon1895.at\/index.php?rest_route=%2Fwp%2Fv2%2Fmedia&parent=69"}],"curies":[{"name":"wp","href":"https:\/\/api.w.org\/{rel}","templated":true}]}}