{"id":797,"date":"2018-06-10T17:04:26","date_gmt":"2018-06-10T15:04:26","guid":{"rendered":"https:\/\/www.milon1895.at\/?page_id=797"},"modified":"2018-06-10T17:21:30","modified_gmt":"2018-06-10T15:21:30","slug":"datenschutzerklaerung","status":"publish","type":"page","link":"https:\/\/www.milon1895.at\/?page_id=797","title":{"rendered":"Datenschutzerkl\u00e4rung"},"content":{"rendered":"<p>Der Schutz Ihrer personenbezogener Daten ist uns ein besonderes Anliegen. Daher halten wir uns beim Erheben und Verarbeiten Ihrer personenbezogenen Daten streng an alle gesetzlichen Vorgaben, insbesondere an die EU-Datenschutz-Grundverordnung (im Folgenden kurz \u201eDS-GVO\u201c) und das \u00f6sterreichische Datenschutzgesetz in der jeweils geltenden Fassung.<\/p>\n<p><strong>Zweck der Datenverarbeitung<\/strong><br \/>\nZweck dieser Datenverarbeitung ist die Aufrechterhaltung unseres Webauftritts, insbesondere eine schnellere Fehlerlokalisierung und \u2013behebung sowie die \u00dcberwachung der Auslastung und gegebenenfalls Vornahme von Anpassungen oder Verbesserungen.<\/p>\n<p><strong>Rechtsgrundlage<\/strong><br \/>\nSofern \u00fcberhaupt ein Personenbezug gegeben ist, stellen die zu gew\u00e4hrende Datensicherheit und das Aufrechterhalten der Online-Darstellung unsere berechtigten Interessen iSd Art 6 Abs 1 lit f DS-GVO und damit die Rechtsgrundlage dar.<\/p>\n<p><strong>Speicherdauer<\/strong><br \/>\nDatenschutzrechtliche Bedenken versuchen wir weiters zu verstreuen, indem Ihnen hiermit zugesichert wird, dass die Daten (mit Ausnahme der IP-Adresse) nur f\u00fcr eine begrenzte Dauer gespeichert werden und ein Personenbezug aus diesen Daten nicht herstellbar ist, weil die zugeh\u00f6rige IP-Adresse gel\u00f6scht oder zumindest anonymisiert wird. Die IP-Adresse Ihres Computers wird ebenfalls nur f\u00fcr die Zeit Ihrer Nutzung der Website gespeichert und im Anschluss daran gel\u00f6scht oder durch K\u00fcrzung anonymisiert. Lediglich im Falle von Hacking-Angriffen oder \u00e4hnliches, kann eine l\u00e4ngere Speicherung notwendig sein, um die Funktionsf\u00e4higkeit und die Sicherheit unseres Webauftritts zu gew\u00e4hrleisten.<\/p>\n<p><strong>\u00dcbermittlung der Daten<\/strong><br \/>\nEine \u00dcbermittlung Ihrer Daten an Dritte findet nicht statt.<\/p>\n<p><strong>Cookies<\/strong><br \/>\nUm unsere Webangebote zu verbessern, die Nutzung f\u00fcr Sie so optimal wie m\u00f6glich zu gestalten, und zum Zwecke der Webseitenbesucherstatistik verwenden wir Cookies. Auch der Einsatz und die Ausgestaltung der Cookies erfolgt in \u00dcbereinstimmung mit den europ\u00e4ischen und \u00f6sterreichischen Rechtsvorschriften. Cookies sind kleine Textdateien, die beim Aufruf unserer Website auf Ihren Computer hinterlegt werden und eine erneute Zuordnung Ihres Browser erm\u00f6glichen. Cookies speichern Informationen (zB die Dauer des Verweilens auf unserer Website oder Ihre Eingaben). Dadurch wird vermieden, dass bei jeder Nutzung alle erforderlichen Daten erneut eingegeben werden m\u00fcssen. Dar\u00fcber hinausgehende Cookies, die zustimmungspflichtig w\u00e4ren, verwenden wir nicht. Sie k\u00f6nnen die Verwendung von Cookies aber auch generell durch entsprechende Einstellung in Ihrem Browser g\u00e4nzlich untersagen. Wir weisen Sie jedoch darauf hin, dass Sie in diesem Fall gegebenenfalls nicht s\u00e4mtliche Funktionen dieser Webseite vollumf\u00e4nglich nutzen k\u00f6nnen. Die in unseren Cookies gespeicherten Daten werden nicht mit Ihren pers\u00f6nlichen Daten (Name, Adresse usw.) verkn\u00fcpft.<\/p>\n<p><strong>Web-Analyse<\/strong><br \/>\nUnsere Website verwendet eine selbst gehostete Instanz von Matomo (vormals Piwik) zur Web-Analyse. Dazu werden Cookies verwendet, die eine Analyse der Benutzung der Website durch Ihre Benutzer erm\u00f6glicht. Die dadurch erzeugten Informationen werden durch die selbst gehostete Instanz von Matomo gespeichert und werden <strong>nicht<\/strong> weitergeleitet.<\/p>\n<p><strong>Datensicherheit<\/strong><br \/>\nWir setzen technische und organisatorische Sicherheitsma\u00dfnahmen ein, um Ihre Daten gegen Manipulationen, Verlust, Zerst\u00f6rung und gegen den Zugriff Dritter zu sch\u00fctzen. Unsere Sicherheitsma\u00dfnahmen werden entsprechend der technologischen Entwicklung im Internet laufend verbessert. Alle Daten werden auf Servern gespeichert, die mit einem hohen Sicherheitsstandard betrieben werden und vor dem Zugriff unberechtigter Personen und Missbrauch gesch\u00fctzt werden. Die Speicherung und Sicherung der Daten findet auf unseren Servern, sohin in \u00d6sterreich statt.<\/p>\n<p><strong>Ihre Rechte<\/strong><br \/>\nIhnen stehen grunds\u00e4tzlich die Rechte auf Auskunft, Berichtigung, L\u00f6schung, Einschr\u00e4nkung, Daten\u00fcbertragbarkeit, Widerruf und Widerspruch zu. Wenn Sie glauben, dass die Verarbeitung Ihrer Daten gegen das Datenschutzrecht verst\u00f6\u00dft oder Ihre datenschutzrechtlichen Anspr\u00fcche sonst in einer Weise verletzt worden sind, k\u00f6nnen Sie sich bei der Aufsichtsbeh\u00f6rde beschweren. In \u00d6sterreich ist dies die Datenschutzbeh\u00f6rde.<\/p>\n<p>Wir weisen Sie bereits jetzt darauf hin, dass wir \u2013 unabh\u00e4ngig der Behandlung Ihrer Antr\u00e4ge \u2013 verpflichtet sind, Ihre Identit\u00e4t festzustellen, um allf\u00e4llige Datenschutzverst\u00f6\u00dfe (zB Fehlbeauskunftung an die falsche Person) hintanzuhalten. Aus diesem Grund m\u00fcssen wir mit Ihnen bei jedem Antrag ein Prozedere zur Identit\u00e4tsfeststellung durchlaufen.<\/p>\n","protected":false},"excerpt":{"rendered":"<p>Der Schutz Ihrer personenbezogener Daten ist uns ein besonderes Anliegen. Daher halten wir uns beim Erheben und Verarbeiten Ihrer personenbezogenen Daten streng an alle gesetzlichen Vorgaben, insbesondere an die EU-Datenschutz-Grundverordnung (im Folgenden kurz \u201eDS-GVO\u201c) und das \u00f6sterreichische Datenschutzgesetz in der jeweils geltenden Fassung. Zweck der Datenverarbeitung Zweck dieser Datenverarbeitung ist die Aufrechterhaltung unseres Webauftritts, insbesondere [&hellip;]<\/p>\n","protected":false},"author":1,"featured_media":0,"parent":0,"menu_order":0,"comment_status":"closed","ping_status":"closed","template":"","meta":{"footnotes":""},"class_list":["post-797","page","type-page","status-publish","hentry"],"_links":{"self":[{"href":"https:\/\/www.milon1895.at\/index.php?rest_route=\/wp\/v2\/pages\/797","targetHints":{"allow":["GET"]}}],"collection":[{"href":"https:\/\/www.milon1895.at\/index.php?rest_route=\/wp\/v2\/pages"}],"about":[{"href":"https:\/\/www.milon1895.at\/index.php?rest_route=\/wp\/v2\/types\/page"}],"author":[{"embeddable":true,"href":"https:\/\/www.milon1895.at\/index.php?rest_route=\/wp\/v2\/users\/1"}],"replies":[{"embeddable":true,"href":"https:\/\/www.milon1895.at\/index.php?rest_route=%2Fwp%2Fv2%2Fcomments&post=797"}],"version-history":[{"count":8,"href":"https:\/\/www.milon1895.at\/index.php?rest_route=\/wp\/v2\/pages\/797\/revisions"}],"predecessor-version":[{"id":807,"href":"https:\/\/www.milon1895.at\/index.php?rest_route=\/wp\/v2\/pages\/797\/revisions\/807"}],"wp:attachment":[{"href":"https:\/\/www.milon1895.at\/index.php?rest_route=%2Fwp%2Fv2%2Fmedia&parent=797"}],"curies":[{"name":"wp","href":"https:\/\/api.w.org\/{rel}","templated":true}]}}